{"id":1270,"date":"2022-07-01T12:54:47","date_gmt":"2022-07-01T10:54:47","guid":{"rendered":"https:\/\/www.interact.at\/?page_id=1270"},"modified":"2022-07-01T12:54:47","modified_gmt":"2022-07-01T10:54:47","slug":"datenschutz","status":"publish","type":"page","link":"https:\/\/www.interact.at\/index.php\/datenschutz\/","title":{"rendered":"Datenschutz"},"content":{"rendered":"\n<p>Der Schutz personenbezogener Daten ist uns ein wichtiges Anliegen. \nDeshalb sind alle unsere Aktivit\u00e4ten in \u00dcbereinstimmung mit den \nanwendbaren Rechtsvorschriften zum Schutz personenbezogener Daten und \nzur Datensicherheit gehalten. Im Folgenden erfahren Sie, welche \nInformationen wir gegebenenfalls sammeln, wie wir damit umgehen und wem \nwir sie gegebenenfalls zur Verf\u00fcgung stellen.<\/p>\n\n\n\n<h4 class=\"wp-block-heading\">1. Datenschutz<\/h4>\n\n\n\n<p>Wir best\u00e4tigen die Einhaltung aller gesetzlichen Bestimmungen zum  Datenschutz. Alle Daten die Sie uns \u00fcberlassen, werden ausschlie\u00dflich im  Rahmen Ihrer Auftr\u00e4ge und Anfragen verwendet, sowie alle notwendigen  Ma\u00dfnahmen zur Gew\u00e4hrleistung der Datensicherheit getroffen, indem  sichergestellt wird, dass Daten ordnungsgem\u00e4\u00df verwendet und Unbefugten  nicht zug\u00e4nglich gemacht werden. Wir, unsere Dienstleister und unsere  Mitarbeiter sind zur Verschwiegenheit und Geheimhaltung der von  Betroffenen bekannt gegebenen Daten verpflichtet, soweit kein rechtlich  zul\u00e4ssiger Grund f\u00fcr eine \u00dcbermittlung oder Offenlegung der anvertrauten  oder zug\u00e4nglich gemachten Daten besteht.<br>Ihnen stehen aufgrund der Datenschutzgrundverordnung (DSGVO)  grunds\u00e4tzlich die Rechte auf Auskunft, Berichtigung, L\u00f6schung,  Einschr\u00e4nkung, Daten\u00fcbertragbarkeit, Widerruf und Widerspruch zu. Wenn  Sie glauben, dass die Verarbeitung Ihrer Daten gegen das  Datenschutzrecht verst\u00f6\u00dft, oder Ihre datenschutzrechtlichen Anspr\u00fcche  sonst in irgendeiner Weise verletzt worden sind, k\u00f6nnen Sie sich an die  Aufsichtsbeh\u00f6rde wenden. In \u00d6sterreich ist dies die \u201eDatenschutzbeh\u00f6rde  der Republik \u00d6sterreich\u201c \u2013 <a href=\"https:\/\/www.dsb.gv.at\/\">https:\/\/www.dsb.gv.at\/<\/a><\/p>\n\n\n\n<h4 class=\"wp-block-heading\">2. Sicherheit<\/h4>\n\n\n\n<p>Es werden alle technische und organisatorische Sicherheitsma\u00dfnahmen \ngetroffen, um Ihre personenbezogenen Daten gegen unbeabsichtigte oder \nunrechtm\u00e4\u00dfige L\u00f6schung, Ver\u00e4nderung oder gegen Verlust, sowie auch gegen\n unberechtigte Weitergabe oder unberechtigten Zugriff zu sch\u00fctzen.<\/p>\n\n\n\n<h4 class=\"wp-block-heading\">3. Austausch personenbezogener Daten<\/h4>\n\n\n\n<p>Wir k\u00f6nnen personenbezogene Daten gegen\u00fcber Dritten offenlegen, wenn wir in Treu und Glauben davon \u00fcberzeugt sind, dass:<\/p>\n\n\n\n<ul class=\"wp-block-list\"><li>dies vom Gesetz verlangt wird<\/li><li>dies auf eine gesetzliche oder gerichtliche Anordnung hinauf erfolgt<\/li><li>dies f\u00fcr den Schutz von Rechten, Eigentumsrechten oder der \nSicherheit von uns oder den mit uns verbundenen Unternehmen, \nGesch\u00e4ftsverbindungen, Kunden oder anderen Personen erforderlich ist.<\/li><\/ul>\n\n\n\n<h4 class=\"wp-block-heading\">4. Kommunikations- oder nutzungsbezogene Angaben<\/h4>\n\n\n\n<p>Wenn Sie \u00fcber Telekommunikationsdienste auf unsere Websites \nzugreifen, werden kommunikationsbezogene Angaben (beispielsweise \nInternet-Protokoll-Adresse) bzw.&nbsp;nutzungsbezogene Angaben \n(beispielsweise Angaben zum Nutzungsbeginn und \u2013dauer, sowie zu den&nbsp;von \nIhnen genutzten Telekommunikationsdiensten, verwendeter Internet-Browser\n und&nbsp;Betriebssystem, Domain-Name der Website, von der Sie kamen, Anzahl \nder Besuche,&nbsp;durchschnittliche Verweilzeit, aufgerufene Seiten) mit \ntechnischen Mitteln automatisch erzeugt. Diese k\u00f6nnen eventuell \nR\u00fcckschl\u00fcsse auf personenbezogene Daten zulassen. Wir verwenden \ndiese&nbsp;Informationen, um die Attraktivit\u00e4t unserer Websites zu ermitteln \nund deren Leistungsf\u00e4higkeit und Inhalte zu verbessern. Soweit eine \nErfassung, Verarbeitung und Verwendung Ihrer \nkommunikationsbzw.&nbsp;nutzungsbezogenen Angaben zwingend notwendig ist, \nunterliegt diese den gesetzlichen&nbsp;Regelungen zum Datenschutz.<\/p>\n\n\n\n<h4 class=\"wp-block-heading\">4.1. \u201eCookie\u201c \u2013 Informationen, die automatisch auf Ihrem Rechner abgelegt werden<\/h4>\n\n\n\n<p>Wenn Sie eine unserer Websites besuchen, kann es sein, dass wir zu \nIhrer Unterst\u00fctzung&nbsp;Informationen in Form einer kleinen Datei (\u201eCookie\u201c)\n auf Ihrem Computer ablegen, damit Sie bzw.&nbsp;auch Ihre Einstellungen bei \nIhrem n\u00e4chsten Besuch automatisch wiedererkannt werden k\u00f6nnen.&nbsp;Wenn Sie \nnicht m\u00f6chten, dass wir Sie bzw. Ihren Computer wiedererkennen, stellen \nSie Ihren&nbsp;Internet-Browser bitte so ein, dass er Cookies von Ihrer \nComputerfestplatte l\u00f6scht, alle Cookies&nbsp;blockiert oder Sie warnt, bevor \nein Cookie gespeichert wird.<\/p>\n\n\n\n<h4 class=\"wp-block-heading\">4.2. Links zu anderen Websites<\/h4>\n\n\n\n<p>Die Website enth\u00e4lt Links zu anderen Websites. Wir sind f\u00fcr die \nDatenschutz-Richtlinien oder den&nbsp;Inhalt dieser anderen Websites nicht \nverantwortlich.<\/p>\n\n\n\n<h4 class=\"wp-block-heading\">5. Fragen und Anmerkungen<\/h4>\n\n\n\n<p>Wir werden auf alle angemessenen Anfragen zur Einsicht in und ggf. \nBerichtigung, Erg\u00e4nzung oder&nbsp;L\u00f6schung von personenbezogenen Daten \nreagieren. Wenn Sie Fragen oder Anmerkungen zu \ndieser&nbsp;Datenschutz-Richtlinie haben, treten Sie bitte \u00fcber den \nKontaktbereich mit uns in Verbindung. Im&nbsp;Zuge der Weiterentwicklung \nunseres Internetauftritts bzw. des Internets selbst werden auch \nunsere&nbsp;Datenschutz-Richtlinie laufend angepasst.<\/p>\n","protected":false},"excerpt":{"rendered":"<p>Der Schutz personenbezogener Daten ist uns ein wichtiges Anliegen. Deshalb sind alle unsere Aktivit\u00e4ten in \u00dcbereinstimmung mit den anwendbaren Rechtsvorschriften zum Schutz personenbezogener Daten und zur Datensicherheit gehalten. Im Folgenden erfahren Sie, welche Informationen wir gegebenenfalls sammeln, wie wir damit umgehen und wem wir sie gegebenenfalls zur Verf\u00fcgung stellen. 1. Datenschutz Wir best\u00e4tigen die Einhaltung<a href=\"https:\/\/www.interact.at\/index.php\/datenschutz\/\">[&#8230;]<\/a><\/p>\n","protected":false},"author":1,"featured_media":0,"parent":0,"menu_order":0,"comment_status":"closed","ping_status":"closed","template":"template-fullwidth.php","meta":{"footnotes":""},"class_list":["post-1270","page","type-page","status-publish","hentry"],"_links":{"self":[{"href":"https:\/\/www.interact.at\/index.php\/wp-json\/wp\/v2\/pages\/1270","targetHints":{"allow":["GET"]}}],"collection":[{"href":"https:\/\/www.interact.at\/index.php\/wp-json\/wp\/v2\/pages"}],"about":[{"href":"https:\/\/www.interact.at\/index.php\/wp-json\/wp\/v2\/types\/page"}],"author":[{"embeddable":true,"href":"https:\/\/www.interact.at\/index.php\/wp-json\/wp\/v2\/users\/1"}],"replies":[{"embeddable":true,"href":"https:\/\/www.interact.at\/index.php\/wp-json\/wp\/v2\/comments?post=1270"}],"version-history":[{"count":2,"href":"https:\/\/www.interact.at\/index.php\/wp-json\/wp\/v2\/pages\/1270\/revisions"}],"predecessor-version":[{"id":1272,"href":"https:\/\/www.interact.at\/index.php\/wp-json\/wp\/v2\/pages\/1270\/revisions\/1272"}],"wp:attachment":[{"href":"https:\/\/www.interact.at\/index.php\/wp-json\/wp\/v2\/media?parent=1270"}],"curies":[{"name":"wp","href":"https:\/\/api.w.org\/{rel}","templated":true}]}}